{"id":11,"date":"2025-11-28T15:23:24","date_gmt":"2025-11-28T15:23:24","guid":{"rendered":"https:\/\/zie.ch\/start\/?page_id=11"},"modified":"2026-01-16T13:41:49","modified_gmt":"2026-01-16T13:41:49","slug":"referenzen","status":"publish","type":"page","link":"https:\/\/zie.ch\/start\/referenzen\/","title":{"rendered":"Referenzen"},"content":{"rendered":"\n<div class=\"wp-block-stackable-columns alignfull stk-block-columns stk-block stk-ee8e4ee\" data-block-id=\"ee8e4ee\"><style>.stk-ee8e4ee .stk--block-align-ee8e4ee{align-items:center !important;}.stk-ee8e4ee {margin-top:var(--stk--preset--spacing--70, 3.38rem) !important;margin-bottom:var(--stk--preset--spacing--70, 3.38rem) !important;}.stk-ee8e4ee-column{--stk-column-gap:var(--stk--preset--spacing--40, 30px) !important;}<\/style><div class=\"stk-row stk-inner-blocks stk--block-align-ee8e4ee stk-block-content stk-content-align stk-ee8e4ee-column alignwide\">\n<div class=\"wp-block-stackable-column stk-block-column stk-column stk-block stk-6860d36\" data-v=\"4\" data-block-id=\"6860d36\"><div class=\"stk-column-wrapper stk-block-column__content stk-container stk-6860d36-container stk--no-background stk--no-padding\"><div class=\"has-text-align-center stk-block-content stk-inner-blocks stk-6860d36-inner-blocks\">\n<div class=\"wp-block-stackable-image stk-block-image stk-block stk-0e579dc\" data-block-id=\"0e579dc\"><style>.stk-0e579dc .stk-img-wrapper{aspect-ratio:9\/16 !important;height:auto !important;}@media screen and (max-width:999px){.stk-0e579dc .stk-img-wrapper{height:auto !important;}}@media screen and (max-width:689px){.stk-0e579dc .stk-img-wrapper{height:auto !important;}}<\/style><figure><span class=\"stk-img-wrapper stk-image--shape-stretch\"><img loading=\"lazy\" decoding=\"async\" class=\"stk-img wp-image-138\" src=\"http:\/\/zie.ch\/start\/wp-content\/uploads\/2025\/12\/20240821_192752.webp\" width=\"1440\" height=\"1920\" srcset=\"https:\/\/zie.ch\/start\/wp-content\/uploads\/2025\/12\/20240821_192752.webp 1440w, https:\/\/zie.ch\/start\/wp-content\/uploads\/2025\/12\/20240821_192752-225x300.webp 225w, https:\/\/zie.ch\/start\/wp-content\/uploads\/2025\/12\/20240821_192752-768x1024.webp 768w, https:\/\/zie.ch\/start\/wp-content\/uploads\/2025\/12\/20240821_192752-1152x1536.webp 1152w\" sizes=\"auto, (max-width: 1440px) 100vw, 1440px\" \/><\/span><\/figure><\/div>\n<\/div><\/div><\/div>\n\n\n\n<div class=\"wp-block-stackable-column stk-block-column stk-column stk-block stk-5eeba69\" data-v=\"4\" data-block-id=\"5eeba69\"><div class=\"stk-column-wrapper stk-block-column__content stk-container stk-5eeba69-container stk--no-background stk--no-padding\"><div class=\"stk-block-content stk-inner-blocks stk-5eeba69-inner-blocks\">\n<div class=\"wp-block-stackable-heading stk-block-heading stk-block-heading--v2 stk-block stk-2661ae8\" id=\"heading-placeholder\" data-block-id=\"2661ae8\"><style>.stk-2661ae8 {margin-bottom:0px !important;}<\/style><h2 class=\"stk-block-heading__text\"><strong>Ladeger\u00e4t f\u00fcr Kamerasystem auf Tunnelbohrmaschinen (TBM)<\/strong><\/h2><\/div>\n\n\n\n<hr class=\"wp-block-separator has-alpha-channel-opacity\"\/>\n\n\n\n<p>F\u00fcr ein Kamerasystem auf Tunnelbohrmaschinen wurde ein modulares Ladesystem f\u00fcr den dauerhaften Einsatz unter rauen Umweltbedingungen entwickelt.<\/p>\n\n\n\n<p>Das System ist f\u00fcr den Betrieb in staubiger, feuchter Umgebung ausgelegt und \u00fcbernimmt sowohl das sichere Laden als auch die kontinuierliche Energieversorgung der angeschlossenen Kameras. Durch den modularen Aufbau lassen sich unterschiedliche Kanalzahlen realisieren.<br><br>Im gleichen Projekt wurde zudem ein eigenes BMS f\u00fcr 6-zellige Lithium-Akkus entwickelt, ausgelegt f\u00fcr gro\u00dfe Temperaturbereiche und rauen Dauerbetrieb unter TBM-Bedingungen.<\/p>\n\n\n\n<div class=\"wp-block-stackable-icon-list stk-block-icon-list stk-block stk-de4532d\" data-block-id=\"de4532d\"><style>.stk-de4532d {--stk-icon-list-marker-color:var(--theme-palette-color-1, #2872fa) !important;}<\/style><svg style=\"display:none\"><defs><g id=\"stk-icon-list__icon-svg-def-de4532d\"><svg xmlns=\"http:\/\/www.w3.org\/2000\/svg\" viewBox=\"0 0 512 512\"><path d=\"M256 512A256 256 0 1 0 256 0a256 256 0 1 0 0 512zM369 209L241 337c-9.4 9.4-24.6 9.4-33.9 0l-64-64c-9.4-9.4-9.4-24.6 0-33.9s24.6-9.4 33.9 0l47 47L335 175c9.4-9.4 24.6-9.4 33.9 0s9.4 24.6 0 33.9z\"\/><\/svg><\/g><\/defs><\/svg><ul class=\"stk-block-icon-list__ul stk-block-icon-list--column\">\n<li class=\"wp-block-stackable-icon-list-item stk-block-icon-list-item stk-block stk-9c1cbbb\" data-block-id=\"9c1cbbb\"><div class=\"stk-block-icon-list-item__content\"><span class=\"stk--svg-wrapper\"><div class=\"stk--inner-svg\"><svg xmlns=\"http:\/\/www.w3.org\/2000\/svg\" viewBox=\"0 0 384 512\" aria-hidden=\"true\" width=\"32\" height=\"32\"><path d=\"M0 256L28.5 28c2-16 15.6-28 31.8-28H228.9c15 0 27.1 12.1 27.1 27.1c0 3.2-.6 6.5-1.7 9.5L208 160H347.3c20.2 0 36.7 16.4 36.7 36.7c0 7.4-2.2 14.6-6.4 20.7l-192.2 281c-5.9 8.6-15.6 13.7-25.9 13.7h-2.9c-15.7 0-28.5-12.8-28.5-28.5c0-2.3 .3-4.6 .9-6.9L176 288H32c-17.7 0-32-14.3-32-32z\"\/><\/svg><\/div><\/span><span class=\"stk-block-icon-list-item__text\"><strong>Unser Leistungsumfang:<\/strong><\/span><\/div><\/li>\n\n\n\n<li class=\"wp-block-stackable-icon-list-item stk-block-icon-list-item stk-block stk-dbbc5fd\" data-block-id=\"dbbc5fd\"><div class=\"stk-block-icon-list-item__content\"><span class=\"stk--svg-wrapper\"><div class=\"stk--inner-svg\"><svg aria-hidden=\"true\" width=\"32\" height=\"32\"><use xlink:href=\"#stk-icon-list__icon-svg-def-de4532d\"><\/use><\/svg><\/div><\/span><span class=\"stk-block-icon-list-item__text\">Firmware\/Software im Rahmen des Projekts<\/span><\/div><\/li>\n\n\n\n<li class=\"wp-block-stackable-icon-list-item stk-block-icon-list-item stk-block stk-b43a9c2\" data-block-id=\"b43a9c2\"><div class=\"stk-block-icon-list-item__content\"><span class=\"stk--svg-wrapper\"><div class=\"stk--inner-svg\"><svg aria-hidden=\"true\" width=\"32\" height=\"32\"><use xlink:href=\"#stk-icon-list__icon-svg-def-de4532d\"><\/use><\/svg><\/div><\/span><span class=\"stk-block-icon-list-item__text\">Schaltungsentwicklung<\/span><\/div><\/li>\n\n\n\n<li class=\"wp-block-stackable-icon-list-item stk-block-icon-list-item stk-block stk-68cf263\" data-block-id=\"68cf263\"><div class=\"stk-block-icon-list-item__content\"><span class=\"stk--svg-wrapper\"><div class=\"stk--inner-svg\"><svg aria-hidden=\"true\" width=\"32\" height=\"32\"><use xlink:href=\"#stk-icon-list__icon-svg-def-de4532d\"><\/use><\/svg><\/div><\/span><span class=\"stk-block-icon-list-item__text\">PCB-Design<\/span><\/div><\/li>\n\n\n\n<li class=\"wp-block-stackable-icon-list-item stk-block-icon-list-item stk-block stk-0c79900\" data-block-id=\"0c79900\"><div class=\"stk-block-icon-list-item__content\"><span class=\"stk--svg-wrapper\"><div class=\"stk--inner-svg\"><svg aria-hidden=\"true\" width=\"32\" height=\"32\"><use xlink:href=\"#stk-icon-list__icon-svg-def-de4532d\"><\/use><\/svg><\/div><\/span><span class=\"stk-block-icon-list-item__text\">Prototyping &amp; Fertigung<\/span><\/div><\/li>\n\n\n\n<li class=\"wp-block-stackable-icon-list-item stk-block-icon-list-item stk-block stk-812b09e\" data-block-id=\"812b09e\"><div class=\"stk-block-icon-list-item__content\"><span class=\"stk--svg-wrapper\"><div class=\"stk--inner-svg\"><svg aria-hidden=\"true\" width=\"32\" height=\"32\"><use xlink:href=\"#stk-icon-list__icon-svg-def-de4532d\"><\/use><\/svg><\/div><\/span><span class=\"stk-block-icon-list-item__text\">Messungen und Inbetriebnahme<\/span><\/div><\/li>\n\n\n\n<li class=\"wp-block-stackable-icon-list-item stk-block-icon-list-item stk-block stk-a305844\" data-block-id=\"a305844\"><div class=\"stk-block-icon-list-item__content\"><span class=\"stk--svg-wrapper\"><div class=\"stk--inner-svg\"><svg aria-hidden=\"true\" width=\"32\" height=\"32\"><use xlink:href=\"#stk-icon-list__icon-svg-def-de4532d\"><\/use><\/svg><\/div><\/span><span class=\"stk-block-icon-list-item__text\">Mechanische Bearbeitung &amp; Endmontage<\/span><\/div><\/li>\n\n\n\n<li class=\"wp-block-stackable-icon-list-item stk-block-icon-list-item stk-block stk-63e6582\" data-block-id=\"63e6582\"><div class=\"stk-block-icon-list-item__content\"><span class=\"stk--svg-wrapper\"><div class=\"stk--inner-svg\"><svg aria-hidden=\"true\" width=\"32\" height=\"32\"><use xlink:href=\"#stk-icon-list__icon-svg-def-de4532d\"><\/use><\/svg><\/div><\/span><span class=\"stk-block-icon-list-item__text\">Installation auf der TBM<\/span><\/div><\/li>\n\n\n\n<li class=\"wp-block-stackable-icon-list-item stk-block-icon-list-item stk-block stk-63c0699\" data-block-id=\"63c0699\"><div class=\"stk-block-icon-list-item__content\"><span class=\"stk--svg-wrapper\"><div class=\"stk--inner-svg\"><svg aria-hidden=\"true\" width=\"32\" height=\"32\"><use xlink:href=\"#stk-icon-list__icon-svg-def-de4532d\"><\/use><\/svg><\/div><\/span><span class=\"stk-block-icon-list-item__text\">Wartung und Feldsupport<\/span><\/div><\/li>\n\n\n\n<li class=\"wp-block-stackable-icon-list-item stk-block-icon-list-item stk-block stk-f660984\" data-block-id=\"f660984\"><div class=\"stk-block-icon-list-item__content\"><span class=\"stk--svg-wrapper\"><div class=\"stk--inner-svg\"><svg aria-hidden=\"true\" width=\"32\" height=\"32\"><use xlink:href=\"#stk-icon-list__icon-svg-def-de4532d\"><\/use><\/svg><\/div><\/span><span class=\"stk-block-icon-list-item__text\">Beratung beim Kamerasystem des Partnerunternehmens<\/span><\/div><\/li>\n<\/ul><\/div>\n<\/div><\/div><\/div>\n<\/div><\/div>\n\n\n\n<div class=\"wp-block-stackable-columns alignfull stk-block-columns stk-has-top-separator stk-has-bottom-separator stk-block stk-c04da3d stk-block-background\" data-block-id=\"c04da3d\"><style>.stk-c04da3d .stk--block-align-c04da3d{align-items:center !important;}.stk-c04da3d {margin-top:var(--stk--preset--spacing--70, 3.38rem) !important;margin-bottom:var(--stk--preset--spacing--70, 3.38rem) !important;}.stk-c04da3d-column{--stk-column-gap:var(--stk--preset--spacing--40, 30px) !important;}<\/style><div class=\"stk-separator stk-separator__top\"><div class=\"stk-separator__wrapper\"><svg xmlns=\"http:\/\/www.w3.org\/2000\/svg\" viewBox=\"0 0 1600 200\" class=\"stk-separator__layer-1\" preserveAspectRatio=\"none\" aria-hidden=\"true\"><path d=\"M-10 210h1620V105.2H-10z\"><\/path><\/svg><\/div><\/div><div class=\"stk-row stk-inner-blocks stk--block-align-c04da3d stk-block-content stk-content-align stk-c04da3d-column alignwide\">\n<div class=\"wp-block-stackable-column stk-block-column stk-column stk-block stk-705ad1a\" data-v=\"4\" data-block-id=\"705ad1a\"><div class=\"stk-column-wrapper stk-block-column__content stk-container stk-705ad1a-container stk--no-background stk--no-padding\"><div class=\"stk-block-content stk-inner-blocks stk-705ad1a-inner-blocks\">\n<div class=\"wp-block-stackable-heading stk-block-heading stk-block-heading--v2 stk-block stk-25770d6\" id=\"heading-placeholder\" data-block-id=\"25770d6\"><style>.stk-25770d6 {margin-bottom:0px !important;}<\/style><h2 class=\"stk-block-heading__text\"><strong><strong data-start=\"2153\" data-end=\"2209\">100 W USB-C Netzteil<\/strong><\/strong><br><strong><strong data-start=\"2153\" data-end=\"2209\">(12\u201324 V \u2192 USB<\/strong><\/strong> <strong><strong data-start=\"2153\" data-end=\"2209\">Power-Delivery)<\/strong><\/strong><\/h2><\/div>\n\n\n\n<hr class=\"wp-block-separator has-alpha-channel-opacity\"\/>\n\n\n\n<p>F\u00fcr ein Kundenprojekt im Bereich mobiler Systeme wurde ein kompaktes USB-C-Netzteil f\u00fcr Leistungen bis 100 W entwickelt.<\/p>\n\n\n\n<p>Die Elektronik ist f\u00fcr variable Eingangsspannungen ausgelegt und integriert mehrere Schutzfunktionen sowie eine USB-Power-Delivery-f\u00e4hige Versorgungstopologie.<\/p>\n\n\n\n<div class=\"wp-block-stackable-icon-list stk-block-icon-list stk-block stk-8e762fd\" data-block-id=\"8e762fd\"><style>.stk-8e762fd {--stk-icon-list-marker-color:var(--theme-palette-color-1, #2872fa) !important;}<\/style><svg style=\"display:none\"><defs><g id=\"stk-icon-list__icon-svg-def-8e762fd\"><svg xmlns=\"http:\/\/www.w3.org\/2000\/svg\" viewBox=\"0 0 512 512\"><path d=\"M256 512A256 256 0 1 0 256 0a256 256 0 1 0 0 512zM369 209L241 337c-9.4 9.4-24.6 9.4-33.9 0l-64-64c-9.4-9.4-9.4-24.6 0-33.9s24.6-9.4 33.9 0l47 47L335 175c9.4-9.4 24.6-9.4 33.9 0s9.4 24.6 0 33.9z\"\/><\/svg><\/g><\/defs><\/svg><ul class=\"stk-block-icon-list__ul stk-block-icon-list--column\">\n<li class=\"wp-block-stackable-icon-list-item stk-block-icon-list-item stk-block stk-c90abdf\" data-block-id=\"c90abdf\"><div class=\"stk-block-icon-list-item__content\"><span class=\"stk--svg-wrapper\"><div class=\"stk--inner-svg\"><svg xmlns=\"http:\/\/www.w3.org\/2000\/svg\" viewBox=\"0 0 384 512\" aria-hidden=\"true\" width=\"32\" height=\"32\"><path d=\"M0 256L28.5 28c2-16 15.6-28 31.8-28H228.9c15 0 27.1 12.1 27.1 27.1c0 3.2-.6 6.5-1.7 9.5L208 160H347.3c20.2 0 36.7 16.4 36.7 36.7c0 7.4-2.2 14.6-6.4 20.7l-192.2 281c-5.9 8.6-15.6 13.7-25.9 13.7h-2.9c-15.7 0-28.5-12.8-28.5-28.5c0-2.3 .3-4.6 .9-6.9L176 288H32c-17.7 0-32-14.3-32-32z\"\/><\/svg><\/div><\/span><span class=\"stk-block-icon-list-item__text\"><strong>Unser Leistungsumfang:<\/strong><\/span><\/div><\/li>\n\n\n\n<li class=\"wp-block-stackable-icon-list-item stk-block-icon-list-item stk-block stk-53e9b6a\" data-block-id=\"53e9b6a\"><div class=\"stk-block-icon-list-item__content\"><span class=\"stk--svg-wrapper\"><div class=\"stk--inner-svg\"><svg aria-hidden=\"true\" width=\"32\" height=\"32\"><use xlink:href=\"#stk-icon-list__icon-svg-def-8e762fd\"><\/use><\/svg><\/div><\/span><span class=\"stk-block-icon-list-item__text\">Schaltungsentwicklung<\/span><\/div><\/li>\n\n\n\n<li class=\"wp-block-stackable-icon-list-item stk-block-icon-list-item stk-block stk-0ca62aa\" data-block-id=\"0ca62aa\"><div class=\"stk-block-icon-list-item__content\"><span class=\"stk--svg-wrapper\"><div class=\"stk--inner-svg\"><svg aria-hidden=\"true\" width=\"32\" height=\"32\"><use xlink:href=\"#stk-icon-list__icon-svg-def-8e762fd\"><\/use><\/svg><\/div><\/span><span class=\"stk-block-icon-list-item__text\">PCB-Design<\/span><\/div><\/li>\n\n\n\n<li class=\"wp-block-stackable-icon-list-item stk-block-icon-list-item stk-block stk-f534bd2\" data-block-id=\"f534bd2\"><div class=\"stk-block-icon-list-item__content\"><span class=\"stk--svg-wrapper\"><div class=\"stk--inner-svg\"><svg aria-hidden=\"true\" width=\"32\" height=\"32\"><use xlink:href=\"#stk-icon-list__icon-svg-def-8e762fd\"><\/use><\/svg><\/div><\/span><span class=\"stk-block-icon-list-item__text\">Auslegung der Versorgungstopologie<\/span><\/div><\/li>\n\n\n\n<li class=\"wp-block-stackable-icon-list-item stk-block-icon-list-item stk-block stk-061a297\" data-block-id=\"061a297\"><div class=\"stk-block-icon-list-item__content\"><span class=\"stk--svg-wrapper\"><div class=\"stk--inner-svg\"><svg aria-hidden=\"true\" width=\"32\" height=\"32\"><use xlink:href=\"#stk-icon-list__icon-svg-def-8e762fd\"><\/use><\/svg><\/div><\/span><span class=\"stk-block-icon-list-item__text\">Prototyping<\/span><\/div><\/li>\n\n\n\n<li class=\"wp-block-stackable-icon-list-item stk-block-icon-list-item stk-block stk-ac88775\" data-block-id=\"ac88775\"><div class=\"stk-block-icon-list-item__content\"><span class=\"stk--svg-wrapper\"><div class=\"stk--inner-svg\"><svg aria-hidden=\"true\" width=\"32\" height=\"32\"><use xlink:href=\"#stk-icon-list__icon-svg-def-8e762fd\"><\/use><\/svg><\/div><\/span><span class=\"stk-block-icon-list-item__text\">Erstellen der Fertigungsunterlagen<\/span><\/div><\/li>\n<\/ul><\/div>\n<\/div><\/div><\/div>\n\n\n\n<div class=\"wp-block-stackable-column stk-block-column stk-column stk-block stk-fb51174\" data-v=\"4\" data-block-id=\"fb51174\"><div class=\"stk-column-wrapper stk-block-column__content stk-container stk-fb51174-container stk--no-background stk--no-padding\"><div class=\"has-text-align-center stk-block-content stk-inner-blocks stk-fb51174-inner-blocks\">\n<div class=\"wp-block-stackable-image stk-block-image stk-block stk-e2a52b8\" data-block-id=\"e2a52b8\"><figure><span class=\"stk-img-wrapper stk-image--shape-stretch\"><img loading=\"lazy\" decoding=\"async\" class=\"stk-img wp-image-159\" src=\"http:\/\/zie.ch\/start\/wp-content\/uploads\/2025\/12\/20251001_220131.webp\" width=\"1920\" height=\"1440\" srcset=\"https:\/\/zie.ch\/start\/wp-content\/uploads\/2025\/12\/20251001_220131.webp 1920w, https:\/\/zie.ch\/start\/wp-content\/uploads\/2025\/12\/20251001_220131-300x225.webp 300w, https:\/\/zie.ch\/start\/wp-content\/uploads\/2025\/12\/20251001_220131-1024x768.webp 1024w, https:\/\/zie.ch\/start\/wp-content\/uploads\/2025\/12\/20251001_220131-768x576.webp 768w, https:\/\/zie.ch\/start\/wp-content\/uploads\/2025\/12\/20251001_220131-1536x1152.webp 1536w\" sizes=\"auto, (max-width: 1920px) 100vw, 1920px\" \/><\/span><\/figure><\/div>\n<\/div><\/div><\/div>\n<\/div><div class=\"stk-separator stk-separator__bottom\"><div class=\"stk-separator__wrapper\"><svg xmlns=\"http:\/\/www.w3.org\/2000\/svg\" viewBox=\"0 0 1600 200\" class=\"stk-separator__layer-1\" preserveAspectRatio=\"none\" aria-hidden=\"true\"><path d=\"M-10 210h1620V105.2H-10z\"><\/path><\/svg><\/div><\/div><\/div>\n\n\n\n<div class=\"wp-block-stackable-columns alignfull stk-block-columns stk-block stk-e52efd1\" data-block-id=\"e52efd1\"><style>.stk-e52efd1 .stk--block-align-e52efd1{align-items:center !important;}.stk-e52efd1 {margin-top:var(--stk--preset--spacing--70, 3.38rem) !important;margin-bottom:var(--stk--preset--spacing--70, 3.38rem) !important;}.stk-e52efd1-column{--stk-column-gap:var(--stk--preset--spacing--40, 30px) !important;}<\/style><div class=\"stk-row stk-inner-blocks stk--block-align-e52efd1 stk-block-content stk-content-align stk-e52efd1-column alignwide\">\n<div class=\"wp-block-stackable-column stk-block-column stk-column stk-block stk-8683e48\" data-v=\"4\" data-block-id=\"8683e48\"><div class=\"stk-column-wrapper stk-block-column__content stk-container stk-8683e48-container stk--no-background stk--no-padding\"><div class=\"has-text-align-center stk-block-content stk-inner-blocks stk-8683e48-inner-blocks\">\n<div class=\"wp-block-stackable-image stk-block-image stk-block stk-37faf08\" data-block-id=\"37faf08\"><style>.stk-37faf08 .stk-img-wrapper{aspect-ratio:1\/1 !important;height:auto !important;}@media screen and (max-width:999px){.stk-37faf08 .stk-img-wrapper{height:auto !important;}}@media screen and (max-width:689px){.stk-37faf08 .stk-img-wrapper{height:auto !important;}}<\/style><figure><span class=\"stk-img-wrapper stk-image--shape-stretch\"><img loading=\"lazy\" decoding=\"async\" class=\"stk-img wp-image-185\" src=\"http:\/\/zie.ch\/start\/wp-content\/uploads\/2026\/01\/Screenshot_3.webp\" width=\"750\" height=\"619\" srcset=\"https:\/\/zie.ch\/start\/wp-content\/uploads\/2026\/01\/Screenshot_3.webp 750w, https:\/\/zie.ch\/start\/wp-content\/uploads\/2026\/01\/Screenshot_3-300x248.webp 300w\" sizes=\"auto, (max-width: 750px) 100vw, 750px\" \/><\/span><\/figure><\/div>\n<\/div><\/div><\/div>\n\n\n\n<div class=\"wp-block-stackable-column stk-block-column stk-column stk-block stk-afeb928\" data-v=\"4\" data-block-id=\"afeb928\"><div class=\"stk-column-wrapper stk-block-column__content stk-container stk-afeb928-container stk--no-background stk--no-padding\"><div class=\"stk-block-content stk-inner-blocks stk-afeb928-inner-blocks\">\n<div class=\"wp-block-stackable-heading stk-block-heading stk-block-heading--v2 stk-block stk-3651a55\" id=\"heading-placeholder\" data-block-id=\"3651a55\"><style>.stk-3651a55 {margin-bottom:0px !important;}<\/style><h2 class=\"stk-block-heading__text\"><strong><strong data-start=\"2751\" data-end=\"2807\">Mainboard f\u00fcr Sammelkarten-Scanner (Startup-Projekt)<\/strong><\/strong><\/h2><\/div>\n\n\n\n<hr class=\"wp-block-separator has-alpha-channel-opacity\"\/>\n\n\n\n<p>F\u00fcr ein Startup-Projekt wurde das zentrale Mainboard eines automatisierten Systems entwickelt.<\/p>\n\n\n\n<p>Die Baugruppe integriert Kommunikationsschnittstellen, Kamerasystem sowie mehrere Motorsteuerungen und bildet die technische Basis f\u00fcr den Gesamtablauf des Systems.<\/p>\n\n\n\n<div class=\"wp-block-stackable-icon-list stk-block-icon-list stk-block stk-ffacf34\" data-block-id=\"ffacf34\"><style>.stk-ffacf34 {--stk-icon-list-marker-color:var(--theme-palette-color-1, #2872fa) !important;}<\/style><svg style=\"display:none\"><defs><g id=\"stk-icon-list__icon-svg-def-ffacf34\"><svg xmlns=\"http:\/\/www.w3.org\/2000\/svg\" viewBox=\"0 0 512 512\"><path d=\"M256 512A256 256 0 1 0 256 0a256 256 0 1 0 0 512zM369 209L241 337c-9.4 9.4-24.6 9.4-33.9 0l-64-64c-9.4-9.4-9.4-24.6 0-33.9s24.6-9.4 33.9 0l47 47L335 175c9.4-9.4 24.6-9.4 33.9 0s9.4 24.6 0 33.9z\"\/><\/svg><\/g><\/defs><\/svg><ul class=\"stk-block-icon-list__ul stk-block-icon-list--column\">\n<li class=\"wp-block-stackable-icon-list-item stk-block-icon-list-item stk-block stk-185c305\" data-block-id=\"185c305\"><div class=\"stk-block-icon-list-item__content\"><span class=\"stk--svg-wrapper\"><div class=\"stk--inner-svg\"><svg xmlns=\"http:\/\/www.w3.org\/2000\/svg\" viewBox=\"0 0 384 512\" aria-hidden=\"true\" width=\"32\" height=\"32\"><path d=\"M0 256L28.5 28c2-16 15.6-28 31.8-28H228.9c15 0 27.1 12.1 27.1 27.1c0 3.2-.6 6.5-1.7 9.5L208 160H347.3c20.2 0 36.7 16.4 36.7 36.7c0 7.4-2.2 14.6-6.4 20.7l-192.2 281c-5.9 8.6-15.6 13.7-25.9 13.7h-2.9c-15.7 0-28.5-12.8-28.5-28.5c0-2.3 .3-4.6 .9-6.9L176 288H32c-17.7 0-32-14.3-32-32z\"\/><\/svg><\/div><\/span><span class=\"stk-block-icon-list-item__text\"><strong>Unser Leistungsumfang:<\/strong><\/span><\/div><\/li>\n\n\n\n<li class=\"wp-block-stackable-icon-list-item stk-block-icon-list-item stk-block stk-2fbfaf2\" data-block-id=\"2fbfaf2\"><div class=\"stk-block-icon-list-item__content\"><span class=\"stk--svg-wrapper\"><div class=\"stk--inner-svg\"><svg aria-hidden=\"true\" width=\"32\" height=\"32\"><use xlink:href=\"#stk-icon-list__icon-svg-def-ffacf34\"><\/use><\/svg><\/div><\/span><span class=\"stk-block-icon-list-item__text\">Schaltungsentwicklung<\/span><\/div><\/li>\n\n\n\n<li class=\"wp-block-stackable-icon-list-item stk-block-icon-list-item stk-block stk-b0abcb0\" data-block-id=\"b0abcb0\"><div class=\"stk-block-icon-list-item__content\"><span class=\"stk--svg-wrapper\"><div class=\"stk--inner-svg\"><svg aria-hidden=\"true\" width=\"32\" height=\"32\"><use xlink:href=\"#stk-icon-list__icon-svg-def-ffacf34\"><\/use><\/svg><\/div><\/span><span class=\"stk-block-icon-list-item__text\">PCB-Design<\/span><\/div><\/li>\n\n\n\n<li class=\"wp-block-stackable-icon-list-item stk-block-icon-list-item stk-block stk-be3d82d\" data-block-id=\"be3d82d\"><div class=\"stk-block-icon-list-item__content\"><span class=\"stk--svg-wrapper\"><div class=\"stk--inner-svg\"><svg aria-hidden=\"true\" width=\"32\" height=\"32\"><use xlink:href=\"#stk-icon-list__icon-svg-def-ffacf34\"><\/use><\/svg><\/div><\/span><span class=\"stk-block-icon-list-item__text\">Erstellung der Produktions- und Fertigungsunterlagen<\/span><\/div><\/li>\n<\/ul><\/div>\n<\/div><\/div><\/div>\n<\/div><\/div>\n\n\n\n<h1 class=\"wp-block-heading\"><strong data-start=\"3214\" data-end=\"3232\">Kundenprojekte<\/strong><\/h1>\n\n\n\n<p>Die gezeigten Referenzen stehen exemplarisch f\u00fcr Projekte, bei denen wir wesentliche Teile der Hardwareentwicklung, Umsetzung und Integration \u00fcbernommen haben.<\/p>\n\n\n\n<p>Viele Projekte sind kundenspezifisch oder unterliegen Vertraulichkeit. Gerne stellen wir auf Anfrage weitere Referenzen oder Projektbeispiele vor.<\/p>\n","protected":false},"excerpt":{"rendered":"<p>Ladeger\u00e4t f\u00fcr Kamerasystem auf Tunnelbohrmaschinen (TBM) F\u00fcr ein Kamerasystem auf Tunnelbohrmaschinen wurde ein modulares Ladesystem f\u00fcr den dauerhaften Einsatz unter rauen Umweltbedingungen entwickelt. Das System ist f\u00fcr den Betrieb in staubiger, feuchter Umgebung ausgelegt und \u00fcbernimmt sowohl das sichere Laden als auch die kontinuierliche Energieversorgung der angeschlossenen Kameras. Durch den modularen Aufbau lassen sich unterschiedliche [&hellip;]<\/p>\n","protected":false},"author":1,"featured_media":0,"parent":0,"menu_order":3,"comment_status":"closed","ping_status":"closed","template":"","meta":{"footnotes":""},"class_list":["post-11","page","type-page","status-publish","hentry"],"blocksy_meta":[],"_links":{"self":[{"href":"https:\/\/zie.ch\/start\/wp-json\/wp\/v2\/pages\/11","targetHints":{"allow":["GET"]}}],"collection":[{"href":"https:\/\/zie.ch\/start\/wp-json\/wp\/v2\/pages"}],"about":[{"href":"https:\/\/zie.ch\/start\/wp-json\/wp\/v2\/types\/page"}],"author":[{"embeddable":true,"href":"https:\/\/zie.ch\/start\/wp-json\/wp\/v2\/users\/1"}],"replies":[{"embeddable":true,"href":"https:\/\/zie.ch\/start\/wp-json\/wp\/v2\/comments?post=11"}],"version-history":[{"count":12,"href":"https:\/\/zie.ch\/start\/wp-json\/wp\/v2\/pages\/11\/revisions"}],"predecessor-version":[{"id":224,"href":"https:\/\/zie.ch\/start\/wp-json\/wp\/v2\/pages\/11\/revisions\/224"}],"wp:attachment":[{"href":"https:\/\/zie.ch\/start\/wp-json\/wp\/v2\/media?parent=11"}],"curies":[{"name":"wp","href":"https:\/\/api.w.org\/{rel}","templated":true}]}}