{"id":13,"date":"2025-11-28T15:23:42","date_gmt":"2025-11-28T15:23:42","guid":{"rendered":"https:\/\/zie.ch\/start\/?page_id=13"},"modified":"2026-01-11T22:52:25","modified_gmt":"2026-01-11T22:52:25","slug":"ueber-uns","status":"publish","type":"page","link":"https:\/\/zie.ch\/start\/ueber-uns\/","title":{"rendered":"\u00dcber uns"},"content":{"rendered":"\n<div class=\"wp-block-stackable-columns alignfull stk-block-columns stk-block stk-948158f stk-block-background stk--has-background-overlay\" data-block-id=\"948158f\"><style>.stk-948158f {background-image:url(http:\/\/zie.ch\/start\/wp-content\/uploads\/2025\/12\/IMG-20251207-WA0005.webp) !important;min-height:500px !important;align-items:center !important;padding-top:var(--stk--preset--spacing--70, 3.38rem) !important;padding-right:var(--stk--preset--spacing--70, 3.38rem) !important;padding-bottom:var(--stk--preset--spacing--70, 3.38rem) !important;padding-left:var(--stk--preset--spacing--70, 3.38rem) !important;margin-bottom:0px !important;display:flex !important;}.stk-948158f:before{background-color:#000000 !important;opacity:0.5 !important;}<\/style><div class=\"stk-row stk-inner-blocks stk-block-content stk-content-align stk-948158f-column alignwide\">\n<div class=\"wp-block-stackable-column stk-block-column stk-column stk-block stk-a02a892\" data-v=\"4\" data-block-id=\"a02a892\"><div class=\"stk-column-wrapper stk-block-column__content stk-container stk-a02a892-container stk--no-background stk--no-padding\"><div class=\"stk-block-content stk-inner-blocks stk-a02a892-inner-blocks\">\n<div class=\"wp-block-stackable-text stk-block-text stk-block stk-279ca10\" data-block-id=\"279ca10\"><style>.stk-279ca10 .stk-block-text__text{color:#ffffff !important;}<\/style><p class=\"stk-block-text__text has-text-color has-text-align-center\"><strong>Wir entwickeln seit vielen Jahren Elektronik f\u00fcr Anwendungen mit hohen Anforderungen an Zuverl\u00e4ssigkeit, Langzeitbetrieb und Integration.<\/strong><br><strong><span style=\"color: #fffffe;\" class=\"stk-highlight\">Der Schwerpunkt liegt auf spezialisierten Hardwarel\u00f6sungen, Prototyping und Kleinserienfertigung f\u00fcr reale Einsatzbedingungen.<\/span><\/strong><\/p><\/div>\n<\/div><\/div><\/div>\n<\/div><\/div>\n\n\n\n<div class=\"wp-block-stackable-columns alignfull stk-block-columns stk-block stk-cb27102\" data-block-id=\"cb27102\"><style>.stk-cb27102 {margin-top:var(--stk--preset--spacing--70, 3.38rem) !important;margin-bottom:var(--stk--preset--spacing--70, 3.38rem) !important;}<\/style><div class=\"stk-row stk-inner-blocks stk-block-content stk-content-align stk-cb27102-column alignwide\">\n<div class=\"wp-block-stackable-column stk-block-column stk-column stk-block stk-e125f9f\" data-v=\"4\" data-block-id=\"e125f9f\"><div class=\"stk-column-wrapper stk-block-column__content stk-container stk-e125f9f-container stk--no-background stk--no-padding\"><div class=\"stk-block-content stk-inner-blocks stk-e125f9f-inner-blocks\">\n<div class=\"wp-block-stackable-heading stk-block-heading stk-block-heading--v2 stk-block stk-6f6c906\" id=\"heading-placeholder\" data-block-id=\"6f6c906\"><h2 class=\"stk-block-heading__text has-text-align-center\">Team<\/h2><\/div>\n\n\n\n<div class=\"wp-block-stackable-columns stk-block-columns stk-block stk-204bfdf\" data-block-id=\"204bfdf\"><div class=\"stk-row stk-inner-blocks stk-block-content stk-content-align stk-204bfdf-column\">\n<div class=\"wp-block-stackable-column stk-block-column stk-column stk-block stk-527c071\" data-v=\"4\" data-block-id=\"527c071\"><style>.stk-527c071 {align-items:flex-start !important;display:flex !important;}@media screen and (min-width:690px){.stk-527c071 {flex:var(--stk-flex-grow, 1) 1 calc(50% - var(--stk-column-gap, 0px) * 1 \/ 2 ) !important;}}<\/style><div class=\"stk-column-wrapper stk-block-column__content stk-container stk-527c071-container stk--no-background stk--no-padding\"><div class=\"has-text-align-center stk-block-content stk-inner-blocks stk-527c071-inner-blocks stk--align-last-block-to-bottom\">\n<div class=\"wp-block-stackable-text stk-block-text stk-block stk-5110a9f\" data-block-id=\"5110a9f\"><p class=\"stk-block-text__text has-text-align-left\">Felix Ziegler entwickelte viele der fr\u00fcheren Systeme und Produkte des Unternehmens und bringt langj\u00e4hrige Erfahrung in Schaltungsentwicklung, Ger\u00e4tekonzeption und Systemdenken ein.<\/p><\/div>\n\n\n\n<p class=\"has-text-align-left\">Heute unterst\u00fctzt er die laufenden Projekte beratend und bringt seine Erfahrung insbesondere bei anspruchsvollen technischen Fragestellungen und komplexen Randbedingungen ein.<\/p>\n\n\n\n<div class=\"wp-block-stackable-columns stk-block-columns stk-block stk-9e02d9e\" data-block-id=\"9e02d9e\"><div class=\"stk-row stk-inner-blocks stk-block-content stk-content-align stk-9e02d9e-column\">\n<div class=\"wp-block-stackable-column stk-block-column stk-column stk-block stk-c130e75\" data-v=\"4\" data-block-id=\"c130e75\"><div class=\"stk-column-wrapper stk-block-column__content stk-container stk-c130e75-container stk--no-background stk--no-padding\"><div class=\"stk-block-content stk-inner-blocks stk-c130e75-inner-blocks\">\n\n\n<div class=\"wp-block-stackable-subtitle stk-block-subtitle stk-block stk-6702c8d\" data-block-id=\"6702c8d\"><style>.stk-6702c8d .stk-block-subtitle__text{font-weight:bold !important;}<\/style><p class=\"stk-block-subtitle__text stk-subtitle\"><strong>Felix Ziegler \u2013 Elektroingenieur HTL<\/strong><\/p><\/div>\n<\/div><\/div><\/div>\n<\/div><\/div>\n<\/div><\/div><\/div>\n\n\n\n<div class=\"wp-block-stackable-column stk-block-column stk-column stk-block stk-9370ddc\" data-v=\"4\" data-block-id=\"9370ddc\"><style>.stk-9370ddc {align-items:flex-start !important;display:flex !important;}@media screen and (min-width:690px){.stk-9370ddc {flex:var(--stk-flex-grow, 1) 1 calc(50% - var(--stk-column-gap, 0px) * 1 \/ 2 ) !important;}}<\/style><div class=\"stk-column-wrapper stk-block-column__content stk-container stk-9370ddc-container stk--no-background stk--no-padding\"><div class=\"has-text-align-center stk-block-content stk-inner-blocks stk-9370ddc-inner-blocks stk--align-last-block-to-bottom\">\n<div class=\"wp-block-stackable-text stk-block-text stk-block stk-96ba3ae\" data-block-id=\"96ba3ae\"><p class=\"stk-block-text__text has-text-align-left\">Ich bin f\u00fcr die aktuellen Projekte und die Umsetzung verantwortlich. Mein Fokus liegt auf Hardwareentwicklung, Prototyping, Tests sowie der Umsetzung bis zur betriebsf\u00e4higen Elektronik.<\/p><\/div>\n\n\n\n<p class=\"has-text-align-left\">Dazu geh\u00f6ren Schaltungsentwicklung, PCB-Design, Inbetriebnahme sowie die Inhouse-Fertigung. Die auf dieser Website gezeigten Referenzen stammen aus meiner Umsetzung oder Verantwortung.<\/p>\n\n\n\n<div class=\"wp-block-stackable-columns stk-block-columns stk-block stk-d3873e0\" data-block-id=\"d3873e0\"><div class=\"stk-row stk-inner-blocks stk-block-content stk-content-align stk-d3873e0-column\">\n<div class=\"wp-block-stackable-column stk-block-column stk-column stk-block stk-7b4b5a6\" data-v=\"4\" data-block-id=\"7b4b5a6\"><div class=\"stk-column-wrapper stk-block-column__content stk-container stk-7b4b5a6-container stk--no-background stk--no-padding\"><div class=\"stk-block-content stk-inner-blocks stk-7b4b5a6-inner-blocks\">\n\n\n<div class=\"wp-block-stackable-subtitle stk-block-subtitle stk-block stk-70fcf41\" data-block-id=\"70fcf41\"><style>.stk-70fcf41 .stk-block-subtitle__text{font-weight:bold !important;}<\/style><p class=\"stk-block-subtitle__text stk-subtitle\"><strong>Simon Ziegler \u2013 Elektroniker EFZ<\/strong><\/p><\/div>\n<\/div><\/div><\/div>\n<\/div><\/div>\n<\/div><\/div><\/div>\n<\/div><\/div>\n<\/div><\/div><\/div>\n<\/div><\/div>\n\n\n\n<div class=\"wp-block-stackable-columns alignfull stk-block-columns stk-block stk-6573de4\" data-block-id=\"6573de4\"><style>.stk-6573de4 {margin-top:var(--stk--preset--spacing--70, 3.38rem) !important;margin-bottom:var(--stk--preset--spacing--70, 3.38rem) !important;}<\/style><div class=\"stk-row stk-inner-blocks stk-block-content stk-content-align stk-6573de4-column alignwide\">\n<div class=\"wp-block-stackable-column stk-block-column stk-column stk-block stk-1f0c18f\" data-v=\"4\" data-block-id=\"1f0c18f\"><div class=\"stk-column-wrapper stk-block-column__content stk-container stk-1f0c18f-container stk--no-background stk--no-padding\"><div class=\"has-text-align-center stk-block-content stk-inner-blocks stk-1f0c18f-inner-blocks\">\n<div class=\"wp-block-stackable-heading stk-block-heading stk-block-heading--v2 stk-block stk-44c3d30\" id=\"heading-placeholder\" data-block-id=\"44c3d30\"><h2 class=\"stk-block-heading__text\">Wie wir arbeiten<\/h2><\/div>\n\n\n\n<div class=\"wp-block-stackable-text stk-block-text stk-block stk-1bd2fd8\" data-block-id=\"1bd2fd8\"><p class=\"stk-block-text__text\">Entscheidungen werden auf technischer Basis getroffen \u2013 mit Fokus auf Funktion, Wartbarkeit und Einsatzbedingungen.<br>Wir arbeiten direkt, technisch klar und ohne Umwege. Entwicklung, Fertigung und Tests erfolgen eng verzahnt, wodurch praxisnahe und zuverl\u00e4ssige Ergebnisse entstehen.<\/p><\/div>\n\n\n\n<div class=\"wp-block-stackable-image stk-block-image stk-block stk-9eb1178\" data-block-id=\"9eb1178\"><style>.stk-9eb1178 .stk-img-wrapper{aspect-ratio:3\/1 !important;height:auto !important;}.stk-9eb1178 .stk-img-wrapper img{object-position:56.00000000000001% 35% !important;}@media screen and (max-width:999px){.stk-9eb1178 .stk-img-wrapper{height:auto !important;}}@media screen and (max-width:689px){.stk-9eb1178 .stk-img-wrapper{height:auto !important;}}<\/style><figure><span class=\"stk-img-wrapper stk-image--shape-stretch\"><img loading=\"lazy\" decoding=\"async\" class=\"stk-img wp-image-142\" src=\"http:\/\/zie.ch\/start\/wp-content\/uploads\/2025\/12\/20241028_171749.webp\" width=\"1920\" height=\"1440\" srcset=\"https:\/\/zie.ch\/start\/wp-content\/uploads\/2025\/12\/20241028_171749.webp 1920w, https:\/\/zie.ch\/start\/wp-content\/uploads\/2025\/12\/20241028_171749-300x225.webp 300w, https:\/\/zie.ch\/start\/wp-content\/uploads\/2025\/12\/20241028_171749-1024x768.webp 1024w, https:\/\/zie.ch\/start\/wp-content\/uploads\/2025\/12\/20241028_171749-768x576.webp 768w, https:\/\/zie.ch\/start\/wp-content\/uploads\/2025\/12\/20241028_171749-1536x1152.webp 1536w\" sizes=\"auto, (max-width: 1920px) 100vw, 1920px\" \/><\/span><\/figure><\/div>\n<\/div><\/div><\/div>\n<\/div><\/div>\n","protected":false},"excerpt":{"rendered":"<p>Wir entwickeln seit vielen Jahren Elektronik f\u00fcr Anwendungen mit hohen Anforderungen an Zuverl\u00e4ssigkeit, Langzeitbetrieb und Integration.Der Schwerpunkt liegt auf spezialisierten Hardwarel\u00f6sungen, Prototyping und Kleinserienfertigung f\u00fcr reale Einsatzbedingungen. Team Felix Ziegler entwickelte viele der fr\u00fcheren Systeme und Produkte des Unternehmens und bringt langj\u00e4hrige Erfahrung in Schaltungsentwicklung, Ger\u00e4tekonzeption und Systemdenken ein. Heute unterst\u00fctzt er die laufenden Projekte [&hellip;]<\/p>\n","protected":false},"author":1,"featured_media":0,"parent":0,"menu_order":4,"comment_status":"closed","ping_status":"closed","template":"","meta":{"footnotes":""},"class_list":["post-13","page","type-page","status-publish","hentry"],"blocksy_meta":[],"_links":{"self":[{"href":"https:\/\/zie.ch\/start\/wp-json\/wp\/v2\/pages\/13","targetHints":{"allow":["GET"]}}],"collection":[{"href":"https:\/\/zie.ch\/start\/wp-json\/wp\/v2\/pages"}],"about":[{"href":"https:\/\/zie.ch\/start\/wp-json\/wp\/v2\/types\/page"}],"author":[{"embeddable":true,"href":"https:\/\/zie.ch\/start\/wp-json\/wp\/v2\/users\/1"}],"replies":[{"embeddable":true,"href":"https:\/\/zie.ch\/start\/wp-json\/wp\/v2\/comments?post=13"}],"version-history":[{"count":4,"href":"https:\/\/zie.ch\/start\/wp-json\/wp\/v2\/pages\/13\/revisions"}],"predecessor-version":[{"id":208,"href":"https:\/\/zie.ch\/start\/wp-json\/wp\/v2\/pages\/13\/revisions\/208"}],"wp:attachment":[{"href":"https:\/\/zie.ch\/start\/wp-json\/wp\/v2\/media?parent=13"}],"curies":[{"name":"wp","href":"https:\/\/api.w.org\/{rel}","templated":true}]}}